{"id":50,"date":"2015-12-11T14:59:33","date_gmt":"2015-12-11T13:59:33","guid":{"rendered":"http:\/\/michelsauvage.fr\/?page_id=50"},"modified":"2023-09-06T17:31:04","modified_gmt":"2023-09-06T16:31:04","slug":"cocktails-dejeunatoires-et-dinatoires","status":"publish","type":"page","link":"https:\/\/michelsauvage.fr\/index.php\/cocktails-dejeunatoires-et-dinatoires\/","title":{"rendered":"Cocktails d\u00e9jeunatoires et d\u00eenatoires"},"content":{"rendered":"<h1 style=\"text-align: center;\"><span style=\"text-decoration: underline;\"><span style=\"color: #993300;\"><b>Les cocktails d\u00e9jeunatoires et d\u00eenatoires <\/b><\/span><\/span><\/h1>\n<h1 style=\"text-align: center;\"><span style=\"color: #993300;\">\u00a0(\u00e0 partir de 10 personnes)<\/span><\/h1>\n<h2 style=\"text-align: center;\"><span style=\"text-decoration: underline;\"><span style=\"color: #993300;\"><strong>LES FORMULES<\/strong><\/span><\/span><\/h2>\n<h3 style=\"text-align: center;\"><span style=\"text-decoration: underline;\"><span style=\"color: #99cc00; text-decoration: underline;\"><b><i>10.00 \u20ac<\/i><\/b><b><i> par personne<\/i><\/b><\/span><b><i>\u00a0<\/i><\/b><\/span><\/h3>\n<p style=\"text-align: center;\"><span style=\"color: #993300;\">(9 pi\u00e8ces par personne)<\/span><\/p>\n<p style=\"text-align: center;\"><span style=\"color: #993300;\">1 h\u00e9risson 40 pi\u00e8ces (soit 4 brochettes par personne)<\/span><\/p>\n<p style=\"text-align: center;\"><span style=\"color: #993300;\">5 amuses bouche sal\u00e9s ou sucr\u00e9s au choix<\/span><\/p>\n<h3 style=\"text-align: center;\"><span style=\"text-decoration: underline;\"><span style=\"color: #99cc00; text-decoration: underline;\"><b><i>14 <\/i><\/b><b><i>\u20ac<\/i><\/b><b><i> par personne<\/i><\/b><\/span><b><i>\u00a0<\/i><\/b><\/span><\/h3>\n<p style=\"text-align: center;\"><span style=\"color: #993300;\">(13 pi\u00e8ces par personne)<\/span><\/p>\n<p style=\"text-align: center;\"><span style=\"color: #993300;\">1 h\u00e9risson 40 pi\u00e8ces (soit 4 brochettes par personne)<\/span><\/p>\n<p style=\"text-align: center;\"><span style=\"color: #993300;\">9 amuses bouche sal\u00e9s ou sucr\u00e9s au choix<\/span><\/p>\n<h3 style=\"text-align: center;\"><span style=\"text-decoration: underline;\"><span style=\"color: #99cc00; text-decoration: underline;\"><b><i>19 <\/i><\/b><b><i>\u20ac<\/i><\/b><b><i> par personne<\/i><\/b><\/span><b><i>\u00a0<\/i><\/b><\/span><\/h3>\n<p style=\"text-align: center;\"><span style=\"color: #993300;\">(18 pi\u00e8ces par personne)<\/span><\/p>\n<p style=\"text-align: center;\"><span style=\"color: #993300;\">1 pain surprise nordique 40 pi\u00e8ces\u00a0(soit 4 sandwichs par personne)<\/span><\/p>\n<p style=\"text-align: center;\"><span style=\"color: #993300;\">14 amuses bouche sal\u00e9s ou sucr\u00e9s au choix<\/span><\/p>\n<hr \/>\n<h2 style=\"text-align: center;\"><span style=\"text-decoration: underline; color: #99cc00;\"><b><i>Les diff\u00e9rents choix sal\u00e9s et sucr\u00e9s<\/i><\/b><\/span><\/h2>\n<h3 style=\"text-align: center;\"><span style=\"color: #99cc00;\"><b><i>Les froids<\/i><\/b><\/span><\/h3>\n<p style=\"text-align: center;\"><span style=\"color: #993300;\">1 wrap aux lardons<\/span><\/p>\n<p style=\"text-align: center;\"><span style=\"color: #993300;\">1 wrap au saumon<\/span><\/p>\n<p style=\"text-align: center;\">1 wrap mozzarella basilic<\/p>\n<p style=\"text-align: center;\"><span style=\"color: #993300;\">1 faluche au thon<\/span><\/p>\n<p style=\"text-align: center;\"><span style=\"color: #993300;\">1 cuill\u00e8re tartare de saumon<\/span><\/p>\n<p style=\"text-align: center;\"><span style=\"color: #993300;\">1 cuill\u00e8re tartare de l\u00e9gumes<\/span><\/p>\n<p style=\"text-align: center;\"><span style=\"color: #993300;\">1 toast nordique au saumon<\/span><\/p>\n<p style=\"text-align: center;\"><span style=\"color: #993300;\">1 toast nordique au thon<\/span><\/p>\n<p style=\"text-align: center;\"><span style=\"color: #993300;\">1 navette au jambon<\/span><\/p>\n<p style=\"text-align: center;\">1 navette bretzel jambon serrano , parmesan<\/p>\n<p style=\"text-align: center;\"><span style=\"color: #993300;\">1 faluche aux rillettes<\/span><\/p>\n<p style=\"text-align: center;\"><span style=\"color: #993300;\">1 navette au p\u00e2t\u00e9<\/span><\/p>\n<p style=\"text-align: center;\"><span style=\"color: #993300;\">1 navette au fromage<\/span><\/p>\n<h3 style=\"text-align: center;\"><span style=\"color: #99cc00;\"><b><i>Les chauds<\/i><\/b><\/span><\/h3>\n<p style=\"text-align: center;\"><span style=\"color: #993300;\">1 mini croque-monsieur<\/span><\/p>\n<p style=\"text-align: center;\"><span style=\"color: #993300;\">1 mini tartelette au maroilles<\/span><\/p>\n<p style=\"text-align: center;\"><span style=\"color: #993300;\">1 mini tartelette merguez<\/span><\/p>\n<p style=\"text-align: center;\"><span style=\"color: #993300;\">1 mini quiche lorraine<\/span><\/p>\n<p style=\"text-align: center;\"><span style=\"color: #993300;\">1 mini burger (suppl\u00e9ment 1.20 \u20ac)<\/span><\/p>\n<p style=\"text-align: center;\"><span style=\"color: #993300;\">1 samossa v\u00e9g\u00e9tarien<\/span><\/p>\n<p style=\"text-align: center;\"><span style=\"color: #993300;\">1 briochine d\u2019escargots<\/span><\/p>\n<p style=\"text-align: center;\">1 po\u00ealon de gambas (suppl\u00e9ment 1.20 \u20ac)<\/p>\n<p style=\"text-align: center;\">1 po\u00ealon de Saint Jacques (suppl\u00e9ment 1.20 \u20ac)<\/p>\n<p style=\"text-align: center;\">1 po\u00ealon de foie gras (suppl\u00e9ment 1.20 \u20ac)<\/p>\n<h3 style=\"text-align: center;\"><span style=\"color: #99cc00;\"><b><i>Les sucr\u00e9s<\/i><\/b><\/span><\/h3>\n<p style=\"text-align: center;\"><span style=\"color: #993300;\">1 mini verrine mousse au chocolat<\/span><\/p>\n<p style=\"text-align: center;\"><span style=\"color: #993300;\">1 mini congolais<\/span><\/p>\n<p style=\"text-align: center;\"><span style=\"color: #993300;\">1 rose des sables<\/span><\/p>\n<p style=\"text-align: center;\"><span style=\"color: #993300;\">1 tartare de fruits<\/span><\/p>\n<p style=\"text-align: center;\"><span style=\"color: #993300;\">1 mini meringue<\/span><\/p>\n<p style=\"text-align: center;\"><span style=\"color: #993300;\">1\u00a0 mini macaron<\/span><\/p>\n<p style=\"text-align: center;\"><span style=\"color: #993300;\">1 tuile Carambar<\/span><\/p>\n<p style=\"text-align: center;\">1 cr\u00e9meux chocolat<\/p>\n<p style=\"text-align: center;\">1 pana cotta<\/p>\n<p style=\"text-align: center;\">\n<p style=\"text-align: center;\">\n<h3 style=\"text-align: center;\"><span style=\"color: #99cc00;\">FAITES VOTRE CHOIX\u00a0<span style=\"line-height: 1.5;\">ET CONTACTEZ-MOI ! <\/span><\/span><\/h3>\n<h2 style=\"text-align: center;\"><span style=\"color: #99cc00;\"><span style=\"line-height: 1.5;\"><span style=\"color: #3366ff;\">06.22.98.23.77<\/span><\/span><\/span><\/h2>\n<p><span style=\"color: #3366ff;\">QUELQUES PHOTOS&#8230;<\/span><\/p>\n<p><a href=\"http:\/\/michelsauvage.fr\/wp-content\/uploads\/2016\/03\/IMG_20160313_143643.jpg\" rel=\"attachment wp-att-138\"><img decoding=\"async\" loading=\"lazy\" class=\"size-medium wp-image-138 aligncenter\" src=\"http:\/\/michelsauvage.fr\/wp-content\/uploads\/2016\/03\/IMG_20160313_143643-300x225.jpg\" alt=\"IMG_20160313_143643\" width=\"300\" height=\"225\" srcset=\"https:\/\/michelsauvage.fr\/wp-content\/uploads\/2016\/03\/IMG_20160313_143643-300x225.jpg 300w, https:\/\/michelsauvage.fr\/wp-content\/uploads\/2016\/03\/IMG_20160313_143643-768x576.jpg 768w, https:\/\/michelsauvage.fr\/wp-content\/uploads\/2016\/03\/IMG_20160313_143643-1024x768.jpg 1024w\" sizes=\"(max-width: 300px) 100vw, 300px\" \/><\/a><a href=\"http:\/\/michelsauvage.fr\/wp-content\/uploads\/2016\/03\/IMG_20160313_122700.jpg\" rel=\"attachment wp-att-136\"><img decoding=\"async\" loading=\"lazy\" class=\"size-medium wp-image-136 aligncenter\" src=\"http:\/\/michelsauvage.fr\/wp-content\/uploads\/2016\/03\/IMG_20160313_122700-300x225.jpg\" alt=\"IMG_20160313_122700\" width=\"300\" height=\"225\" srcset=\"https:\/\/michelsauvage.fr\/wp-content\/uploads\/2016\/03\/IMG_20160313_122700-300x225.jpg 300w, https:\/\/michelsauvage.fr\/wp-content\/uploads\/2016\/03\/IMG_20160313_122700-768x576.jpg 768w, https:\/\/michelsauvage.fr\/wp-content\/uploads\/2016\/03\/IMG_20160313_122700-1024x768.jpg 1024w\" sizes=\"(max-width: 300px) 100vw, 300px\" \/><\/a><\/p>\n<p style=\"text-align: center;\">ASSIETTE D\u00c9COUVERTE<\/p>\n<p><a href=\"http:\/\/michelsauvage.fr\/wp-content\/uploads\/2016\/03\/IMG_20151220_124827.jpg\" rel=\"attachment wp-att-133\"><img decoding=\"async\" loading=\"lazy\" class=\"size-medium wp-image-133 aligncenter\" src=\"http:\/\/michelsauvage.fr\/wp-content\/uploads\/2016\/03\/IMG_20151220_124827-300x225.jpg\" alt=\"IMG_20151220_124827\" width=\"300\" height=\"225\" srcset=\"https:\/\/michelsauvage.fr\/wp-content\/uploads\/2016\/03\/IMG_20151220_124827-300x225.jpg 300w, https:\/\/michelsauvage.fr\/wp-content\/uploads\/2016\/03\/IMG_20151220_124827-768x576.jpg 768w, https:\/\/michelsauvage.fr\/wp-content\/uploads\/2016\/03\/IMG_20151220_124827-1024x768.jpg 1024w\" sizes=\"(max-width: 300px) 100vw, 300px\" \/><\/a><\/p>\n<p style=\"text-align: center;\">ASSIETTE MISES EN BOUCHE<\/p>\n<div id=\"attachment_143\" style=\"width: 310px\" class=\"wp-caption aligncenter\"><a href=\"http:\/\/michelsauvage.fr\/wp-content\/uploads\/2015\/12\/RIMG1721.jpg\" rel=\"attachment wp-att-143\"><img aria-describedby=\"caption-attachment-143\" decoding=\"async\" loading=\"lazy\" class=\"size-medium wp-image-143\" src=\"http:\/\/michelsauvage.fr\/wp-content\/uploads\/2015\/12\/RIMG1721-300x225.jpg\" alt=\"Exif_JPEG_PICTURE\" width=\"300\" height=\"225\" srcset=\"https:\/\/michelsauvage.fr\/wp-content\/uploads\/2015\/12\/RIMG1721-300x225.jpg 300w, https:\/\/michelsauvage.fr\/wp-content\/uploads\/2015\/12\/RIMG1721-768x576.jpg 768w, https:\/\/michelsauvage.fr\/wp-content\/uploads\/2015\/12\/RIMG1721-1024x768.jpg 1024w\" sizes=\"(max-width: 300px) 100vw, 300px\" \/><\/a><p id=\"caption-attachment-143\" class=\"wp-caption-text\">TRILOGIE DE VERRINE DE MELON (AU PORTO, NATURE ET SOUPE)<\/p><\/div>\n<div id=\"attachment_147\" style=\"width: 235px\" class=\"wp-caption aligncenter\"><a href=\"http:\/\/michelsauvage.fr\/wp-content\/uploads\/2015\/12\/RIMG1768.jpg\" rel=\"attachment wp-att-147\"><img aria-describedby=\"caption-attachment-147\" decoding=\"async\" loading=\"lazy\" class=\"size-medium wp-image-147\" src=\"http:\/\/michelsauvage.fr\/wp-content\/uploads\/2015\/12\/RIMG1768-225x300.jpg\" alt=\"Exif_JPEG_PICTURE\" width=\"225\" height=\"300\" srcset=\"https:\/\/michelsauvage.fr\/wp-content\/uploads\/2015\/12\/RIMG1768-225x300.jpg 225w, https:\/\/michelsauvage.fr\/wp-content\/uploads\/2015\/12\/RIMG1768-768x1024.jpg 768w\" sizes=\"(max-width: 225px) 100vw, 225px\" \/><\/a><p id=\"caption-attachment-147\" class=\"wp-caption-text\">TARTARE DE SAUMON<\/p><\/div>\n<div id=\"attachment_47\" style=\"width: 235px\" class=\"wp-caption aligncenter\"><a href=\"http:\/\/michelsauvage.fr\/wp-content\/uploads\/2015\/12\/RIMG1761.jpg\" rel=\"attachment wp-att-47\"><img aria-describedby=\"caption-attachment-47\" decoding=\"async\" loading=\"lazy\" class=\"size-medium wp-image-47\" src=\"http:\/\/michelsauvage.fr\/wp-content\/uploads\/2015\/12\/RIMG1761-225x300.jpg\" alt=\"Exif_JPEG_PICTURE\" width=\"225\" height=\"300\" srcset=\"https:\/\/michelsauvage.fr\/wp-content\/uploads\/2015\/12\/RIMG1761-225x300.jpg 225w, https:\/\/michelsauvage.fr\/wp-content\/uploads\/2015\/12\/RIMG1761-768x1024.jpg 768w\" sizes=\"(max-width: 225px) 100vw, 225px\" \/><\/a><p id=\"caption-attachment-47\" class=\"wp-caption-text\">VERRINE FRA\u00ceCHEUR ( A LA CREVETTE ET GUACAMOLE MAISON)<\/p><\/div>\n<div id=\"attachment_156\" style=\"width: 310px\" class=\"wp-caption aligncenter\"><a href=\"http:\/\/michelsauvage.fr\/wp-content\/uploads\/2015\/12\/RIMG1727.jpg\" rel=\"attachment wp-att-156\"><img aria-describedby=\"caption-attachment-156\" decoding=\"async\" loading=\"lazy\" class=\"size-medium wp-image-156\" src=\"http:\/\/michelsauvage.fr\/wp-content\/uploads\/2015\/12\/RIMG1727-300x225.jpg\" alt=\"Exif_JPEG_PICTURE\" width=\"300\" height=\"225\" srcset=\"https:\/\/michelsauvage.fr\/wp-content\/uploads\/2015\/12\/RIMG1727-300x225.jpg 300w, https:\/\/michelsauvage.fr\/wp-content\/uploads\/2015\/12\/RIMG1727-768x576.jpg 768w, https:\/\/michelsauvage.fr\/wp-content\/uploads\/2015\/12\/RIMG1727-1024x768.jpg 1024w\" sizes=\"(max-width: 300px) 100vw, 300px\" \/><\/a><p id=\"caption-attachment-156\" class=\"wp-caption-text\">BROCHETTE BOUDIN NOIR ET POMMES GOLDEN<\/p><\/div>\n<div id=\"attachment_48\" style=\"width: 235px\" class=\"wp-caption aligncenter\"><a href=\"http:\/\/michelsauvage.fr\/wp-content\/uploads\/2015\/12\/RIMG1765.jpg\" rel=\"attachment wp-att-48\"><img aria-describedby=\"caption-attachment-48\" decoding=\"async\" loading=\"lazy\" class=\"size-medium wp-image-48\" src=\"http:\/\/michelsauvage.fr\/wp-content\/uploads\/2015\/12\/RIMG1765-225x300.jpg\" alt=\"Exif_JPEG_PICTURE\" width=\"225\" height=\"300\" srcset=\"https:\/\/michelsauvage.fr\/wp-content\/uploads\/2015\/12\/RIMG1765-225x300.jpg 225w, https:\/\/michelsauvage.fr\/wp-content\/uploads\/2015\/12\/RIMG1765-768x1024.jpg 768w\" sizes=\"(max-width: 225px) 100vw, 225px\" \/><\/a><p id=\"caption-attachment-48\" class=\"wp-caption-text\">MINI BURGER<\/p><\/div>\n<div id=\"attachment_146\" style=\"width: 235px\" class=\"wp-caption aligncenter\"><a href=\"http:\/\/michelsauvage.fr\/wp-content\/uploads\/2015\/12\/RIMG1738.jpg\" rel=\"attachment wp-att-146\"><img aria-describedby=\"caption-attachment-146\" decoding=\"async\" loading=\"lazy\" class=\"size-medium wp-image-146\" src=\"http:\/\/michelsauvage.fr\/wp-content\/uploads\/2015\/12\/RIMG1738-225x300.jpg\" alt=\"Exif_JPEG_PICTURE\" width=\"225\" height=\"300\" srcset=\"https:\/\/michelsauvage.fr\/wp-content\/uploads\/2015\/12\/RIMG1738-225x300.jpg 225w, https:\/\/michelsauvage.fr\/wp-content\/uploads\/2015\/12\/RIMG1738-768x1024.jpg 768w\" sizes=\"(max-width: 225px) 100vw, 225px\" \/><\/a><p id=\"caption-attachment-146\" class=\"wp-caption-text\">MINI MERINGUES<\/p><\/div>\n<div id=\"attachment_148\" style=\"width: 310px\" class=\"wp-caption aligncenter\"><a href=\"http:\/\/michelsauvage.fr\/wp-content\/uploads\/2015\/12\/RIMG1766.jpg\" rel=\"attachment wp-att-148\"><img aria-describedby=\"caption-attachment-148\" decoding=\"async\" loading=\"lazy\" class=\"size-medium wp-image-148\" src=\"http:\/\/michelsauvage.fr\/wp-content\/uploads\/2015\/12\/RIMG1766-300x225.jpg\" alt=\"Exif_JPEG_PICTURE\" width=\"300\" height=\"225\" srcset=\"https:\/\/michelsauvage.fr\/wp-content\/uploads\/2015\/12\/RIMG1766-300x225.jpg 300w, https:\/\/michelsauvage.fr\/wp-content\/uploads\/2015\/12\/RIMG1766-768x576.jpg 768w, https:\/\/michelsauvage.fr\/wp-content\/uploads\/2015\/12\/RIMG1766-1024x768.jpg 1024w\" sizes=\"(max-width: 300px) 100vw, 300px\" \/><\/a><p id=\"caption-attachment-148\" class=\"wp-caption-text\">TUILES\u00a0\u00ab\u00a0CARAMBAR\u00a0\u00bb<\/p><\/div>\n<div id=\"attachment_49\" style=\"width: 235px\" class=\"wp-caption aligncenter\"><a href=\"http:\/\/michelsauvage.fr\/wp-content\/uploads\/2015\/12\/RIMG1736.jpg\" rel=\"attachment wp-att-49\"><img aria-describedby=\"caption-attachment-49\" decoding=\"async\" loading=\"lazy\" class=\"size-medium wp-image-49\" src=\"http:\/\/michelsauvage.fr\/wp-content\/uploads\/2015\/12\/RIMG1736-225x300.jpg\" alt=\"Exif_JPEG_PICTURE\" width=\"225\" height=\"300\" srcset=\"https:\/\/michelsauvage.fr\/wp-content\/uploads\/2015\/12\/RIMG1736-225x300.jpg 225w, https:\/\/michelsauvage.fr\/wp-content\/uploads\/2015\/12\/RIMG1736-768x1024.jpg 768w\" sizes=\"(max-width: 225px) 100vw, 225px\" \/><\/a><p id=\"caption-attachment-49\" class=\"wp-caption-text\">MINI MACARONS<\/p><\/div>\n<p><a href=\"http:\/\/michelsauvage.fr\/wp-content\/uploads\/2016\/03\/IMG_20151126_175545.jpg\" rel=\"attachment wp-att-132\"><img decoding=\"async\" loading=\"lazy\" class=\"size-medium wp-image-132 aligncenter\" src=\"http:\/\/michelsauvage.fr\/wp-content\/uploads\/2016\/03\/IMG_20151126_175545-300x225.jpg\" alt=\"IMG_20151126_175545\" width=\"300\" height=\"225\" srcset=\"https:\/\/michelsauvage.fr\/wp-content\/uploads\/2016\/03\/IMG_20151126_175545-300x225.jpg 300w, https:\/\/michelsauvage.fr\/wp-content\/uploads\/2016\/03\/IMG_20151126_175545-768x576.jpg 768w, https:\/\/michelsauvage.fr\/wp-content\/uploads\/2016\/03\/IMG_20151126_175545-1024x768.jpg 1024w\" sizes=\"(max-width: 300px) 100vw, 300px\" \/><\/a><\/p>\n<p style=\"text-align: center;\">H\u00c9RISSON SUCR\u00c9<\/p>\n","protected":false},"excerpt":{"rendered":"<p>Les cocktails d\u00e9jeunatoires et d\u00eenatoires \u00a0(\u00e0 partir de 10 personnes) LES FORMULES 10.00 \u20ac par personne\u00a0 (9 pi\u00e8ces par personne) 1 h\u00e9risson 40 pi\u00e8ces (soit 4 brochettes par personne) 5 amuses bouche sal\u00e9s ou sucr\u00e9s au choix 14 \u20ac par personne\u00a0 (13 pi\u00e8ces par personne) 1 h\u00e9risson 40 pi\u00e8ces (soit 4 brochettes par personne) 9 [&hellip;]<\/p>\n","protected":false},"author":1,"featured_media":0,"parent":0,"menu_order":0,"comment_status":"closed","ping_status":"closed","template":"","meta":[],"_links":{"self":[{"href":"https:\/\/michelsauvage.fr\/index.php\/wp-json\/wp\/v2\/pages\/50"}],"collection":[{"href":"https:\/\/michelsauvage.fr\/index.php\/wp-json\/wp\/v2\/pages"}],"about":[{"href":"https:\/\/michelsauvage.fr\/index.php\/wp-json\/wp\/v2\/types\/page"}],"author":[{"embeddable":true,"href":"https:\/\/michelsauvage.fr\/index.php\/wp-json\/wp\/v2\/users\/1"}],"replies":[{"embeddable":true,"href":"https:\/\/michelsauvage.fr\/index.php\/wp-json\/wp\/v2\/comments?post=50"}],"version-history":[{"count":12,"href":"https:\/\/michelsauvage.fr\/index.php\/wp-json\/wp\/v2\/pages\/50\/revisions"}],"predecessor-version":[{"id":278,"href":"https:\/\/michelsauvage.fr\/index.php\/wp-json\/wp\/v2\/pages\/50\/revisions\/278"}],"wp:attachment":[{"href":"https:\/\/michelsauvage.fr\/index.php\/wp-json\/wp\/v2\/media?parent=50"}],"curies":[{"name":"wp","href":"https:\/\/api.w.org\/{rel}","templated":true}]}}